{"id":4868,"date":"2023-05-12T07:20:59","date_gmt":"2023-05-12T05:20:59","guid":{"rendered":"https:\/\/sare.pl\/baza-wiedzy\/sample-page\/"},"modified":"2025-02-05T13:36:01","modified_gmt":"2025-02-05T12:36:01","slug":"sample-page","status":"publish","type":"page","link":"https:\/\/sare.pl\/baza-wiedzy\/en\/","title":{"rendered":"Home"},"content":{"rendered":"","protected":false},"excerpt":{"rendered":"","protected":false},"author":1,"featured_media":0,"parent":0,"menu_order":0,"comment_status":"closed","ping_status":"open","template":"pages\/page-homepage.php","meta":{"inline_featured_image":false,"footnotes":""},"class_list":["post-4868","page","type-page","status-publish","hentry"],"acf":[],"yoast_head":"<!-- This site is optimized with the Yoast SEO plugin v25.5 - https:\/\/yoast.com\/wordpress\/plugins\/seo\/ -->\n<title>Komunikacja Omnichannel - SARE | Baza wiedzy<\/title>\n<meta name=\"description\" content=\"Czerp z meandr\u00f3w bazy wiedzy z obszar\u00f3w omnichannel marketingu! CDP, Komunikacja, Raportowanie - dowiedz si\u0119 wi\u0119cej!\" \/>\n<meta name=\"robots\" content=\"index, follow, max-snippet:-1, max-image-preview:large, max-video-preview:-1\" \/>\n<link rel=\"canonical\" href=\"https:\/\/sare.pl\/baza-wiedzy\/en\/\" \/>\n<meta property=\"og:locale\" content=\"en_US\" \/>\n<meta property=\"og:type\" content=\"article\" \/>\n<meta property=\"og:title\" content=\"Komunikacja Omnichannel - SARE | Baza wiedzy\" \/>\n<meta property=\"og:description\" content=\"Czerp z meandr\u00f3w bazy wiedzy z obszar\u00f3w omnichannel marketingu! CDP, Komunikacja, Raportowanie - dowiedz si\u0119 wi\u0119cej!\" \/>\n<meta property=\"og:url\" content=\"https:\/\/sare.pl\/baza-wiedzy\/en\/\" \/>\n<meta property=\"og:site_name\" content=\"SARE | Baza wiedzy\" \/>\n<meta property=\"article:publisher\" content=\"https:\/\/www.facebook.com\/SAREpl\" \/>\n<meta property=\"article:modified_time\" content=\"2025-02-05T12:36:01+00:00\" \/>\n<meta property=\"og:image\" content=\"https:\/\/sare.pl\/baza-wiedzy\/wp-content\/uploads\/2023\/11\/1200x628.png\" \/>\n\t<meta property=\"og:image:width\" content=\"1200\" \/>\n\t<meta property=\"og:image:height\" content=\"628\" \/>\n\t<meta property=\"og:image:type\" content=\"image\/png\" \/>\n<meta name=\"twitter:card\" content=\"summary_large_image\" \/>\n<script type=\"application\/ld+json\" class=\"yoast-schema-graph\">{\"@context\":\"https:\/\/schema.org\",\"@graph\":[{\"@type\":\"WebPage\",\"@id\":\"https:\/\/sare.pl\/baza-wiedzy\/en\/\",\"url\":\"https:\/\/sare.pl\/baza-wiedzy\/en\/\",\"name\":\"Komunikacja Omnichannel - SARE | Baza wiedzy\",\"isPartOf\":{\"@id\":\"https:\/\/sare.pl\/baza-wiedzy\/en\/#website\"},\"datePublished\":\"2023-05-12T05:20:59+00:00\",\"dateModified\":\"2025-02-05T12:36:01+00:00\",\"description\":\"Czerp z meandr\u00f3w bazy wiedzy z obszar\u00f3w omnichannel marketingu! CDP, Komunikacja, Raportowanie - dowiedz si\u0119 wi\u0119cej!\",\"breadcrumb\":{\"@id\":\"https:\/\/sare.pl\/baza-wiedzy\/en\/#breadcrumb\"},\"inLanguage\":\"en-US\",\"potentialAction\":[{\"@type\":\"ReadAction\",\"target\":[\"https:\/\/sare.pl\/baza-wiedzy\/en\/\"]}]},{\"@type\":\"BreadcrumbList\",\"@id\":\"https:\/\/sare.pl\/baza-wiedzy\/en\/#breadcrumb\",\"itemListElement\":[{\"@type\":\"ListItem\",\"position\":1,\"name\":\"Centrum pomocy\",\"item\":\"https:\/\/sare.pl\/baza-wiedzy\/en\/\"},{\"@type\":\"ListItem\",\"position\":2,\"name\":\"Home\"}]},{\"@type\":\"WebSite\",\"@id\":\"https:\/\/sare.pl\/baza-wiedzy\/en\/#website\",\"url\":\"https:\/\/sare.pl\/baza-wiedzy\/en\/\",\"name\":\"SARE | Baza wiedzy\",\"description\":\"SARE | Baza wiedzy\",\"publisher\":{\"@id\":\"https:\/\/sare.pl\/baza-wiedzy\/en\/#organization\"},\"potentialAction\":[{\"@type\":\"SearchAction\",\"target\":{\"@type\":\"EntryPoint\",\"urlTemplate\":\"https:\/\/sare.pl\/baza-wiedzy\/en\/?s={search_term_string}\"},\"query-input\":{\"@type\":\"PropertyValueSpecification\",\"valueRequired\":true,\"valueName\":\"search_term_string\"}}],\"inLanguage\":\"en-US\"},{\"@type\":\"Organization\",\"@id\":\"https:\/\/sare.pl\/baza-wiedzy\/en\/#organization\",\"name\":\"SARE | Baza wiedzy\",\"url\":\"https:\/\/sare.pl\/baza-wiedzy\/en\/\",\"logo\":{\"@type\":\"ImageObject\",\"inLanguage\":\"en-US\",\"@id\":\"https:\/\/sare.pl\/baza-wiedzy\/en\/#\/schema\/logo\/image\/\",\"url\":\"https:\/\/sare.pl\/baza-wiedzy\/wp-content\/uploads\/2023\/11\/Frame-7540-1.png\",\"contentUrl\":\"https:\/\/sare.pl\/baza-wiedzy\/wp-content\/uploads\/2023\/11\/Frame-7540-1.png\",\"width\":372,\"height\":160,\"caption\":\"SARE | Baza wiedzy\"},\"image\":{\"@id\":\"https:\/\/sare.pl\/baza-wiedzy\/en\/#\/schema\/logo\/image\/\"},\"sameAs\":[\"https:\/\/www.facebook.com\/SAREpl\"]}]}<\/script>\n<!-- \/ Yoast SEO plugin. -->","yoast_head_json":{"title":"Komunikacja Omnichannel - SARE | Baza wiedzy","description":"Czerp z meandr\u00f3w bazy wiedzy z obszar\u00f3w omnichannel marketingu! CDP, Komunikacja, Raportowanie - dowiedz si\u0119 wi\u0119cej!","robots":{"index":"index","follow":"follow","max-snippet":"max-snippet:-1","max-image-preview":"max-image-preview:large","max-video-preview":"max-video-preview:-1"},"canonical":"https:\/\/sare.pl\/baza-wiedzy\/en\/","og_locale":"en_US","og_type":"article","og_title":"Komunikacja Omnichannel - SARE | Baza wiedzy","og_description":"Czerp z meandr\u00f3w bazy wiedzy z obszar\u00f3w omnichannel marketingu! CDP, Komunikacja, Raportowanie - dowiedz si\u0119 wi\u0119cej!","og_url":"https:\/\/sare.pl\/baza-wiedzy\/en\/","og_site_name":"SARE | Baza wiedzy","article_publisher":"https:\/\/www.facebook.com\/SAREpl","article_modified_time":"2025-02-05T12:36:01+00:00","og_image":[{"width":1200,"height":628,"url":"https:\/\/sare.pl\/baza-wiedzy\/wp-content\/uploads\/2023\/11\/1200x628.png","type":"image\/png"}],"twitter_card":"summary_large_image","schema":{"@context":"https:\/\/schema.org","@graph":[{"@type":"WebPage","@id":"https:\/\/sare.pl\/baza-wiedzy\/en\/","url":"https:\/\/sare.pl\/baza-wiedzy\/en\/","name":"Komunikacja Omnichannel - SARE | Baza wiedzy","isPartOf":{"@id":"https:\/\/sare.pl\/baza-wiedzy\/en\/#website"},"datePublished":"2023-05-12T05:20:59+00:00","dateModified":"2025-02-05T12:36:01+00:00","description":"Czerp z meandr\u00f3w bazy wiedzy z obszar\u00f3w omnichannel marketingu! CDP, Komunikacja, Raportowanie - dowiedz si\u0119 wi\u0119cej!","breadcrumb":{"@id":"https:\/\/sare.pl\/baza-wiedzy\/en\/#breadcrumb"},"inLanguage":"en-US","potentialAction":[{"@type":"ReadAction","target":["https:\/\/sare.pl\/baza-wiedzy\/en\/"]}]},{"@type":"BreadcrumbList","@id":"https:\/\/sare.pl\/baza-wiedzy\/en\/#breadcrumb","itemListElement":[{"@type":"ListItem","position":1,"name":"Centrum pomocy","item":"https:\/\/sare.pl\/baza-wiedzy\/en\/"},{"@type":"ListItem","position":2,"name":"Home"}]},{"@type":"WebSite","@id":"https:\/\/sare.pl\/baza-wiedzy\/en\/#website","url":"https:\/\/sare.pl\/baza-wiedzy\/en\/","name":"SARE | Baza wiedzy","description":"SARE | Baza wiedzy","publisher":{"@id":"https:\/\/sare.pl\/baza-wiedzy\/en\/#organization"},"potentialAction":[{"@type":"SearchAction","target":{"@type":"EntryPoint","urlTemplate":"https:\/\/sare.pl\/baza-wiedzy\/en\/?s={search_term_string}"},"query-input":{"@type":"PropertyValueSpecification","valueRequired":true,"valueName":"search_term_string"}}],"inLanguage":"en-US"},{"@type":"Organization","@id":"https:\/\/sare.pl\/baza-wiedzy\/en\/#organization","name":"SARE | Baza wiedzy","url":"https:\/\/sare.pl\/baza-wiedzy\/en\/","logo":{"@type":"ImageObject","inLanguage":"en-US","@id":"https:\/\/sare.pl\/baza-wiedzy\/en\/#\/schema\/logo\/image\/","url":"https:\/\/sare.pl\/baza-wiedzy\/wp-content\/uploads\/2023\/11\/Frame-7540-1.png","contentUrl":"https:\/\/sare.pl\/baza-wiedzy\/wp-content\/uploads\/2023\/11\/Frame-7540-1.png","width":372,"height":160,"caption":"SARE | Baza wiedzy"},"image":{"@id":"https:\/\/sare.pl\/baza-wiedzy\/en\/#\/schema\/logo\/image\/"},"sameAs":["https:\/\/www.facebook.com\/SAREpl"]}]}},"_links":{"self":[{"href":"https:\/\/sare.pl\/baza-wiedzy\/en\/wp-json\/wp\/v2\/pages\/4868","targetHints":{"allow":["GET"]}}],"collection":[{"href":"https:\/\/sare.pl\/baza-wiedzy\/en\/wp-json\/wp\/v2\/pages"}],"about":[{"href":"https:\/\/sare.pl\/baza-wiedzy\/en\/wp-json\/wp\/v2\/types\/page"}],"author":[{"embeddable":true,"href":"https:\/\/sare.pl\/baza-wiedzy\/en\/wp-json\/wp\/v2\/users\/1"}],"replies":[{"embeddable":true,"href":"https:\/\/sare.pl\/baza-wiedzy\/en\/wp-json\/wp\/v2\/comments?post=4868"}],"version-history":[{"count":7,"href":"https:\/\/sare.pl\/baza-wiedzy\/en\/wp-json\/wp\/v2\/pages\/4868\/revisions"}],"predecessor-version":[{"id":5415,"href":"https:\/\/sare.pl\/baza-wiedzy\/en\/wp-json\/wp\/v2\/pages\/4868\/revisions\/5415"}],"wp:attachment":[{"href":"https:\/\/sare.pl\/baza-wiedzy\/en\/wp-json\/wp\/v2\/media?parent=4868"}],"curies":[{"name":"wp","href":"https:\/\/api.w.org\/{rel}","templated":true}]}}